{"id":1986,"date":"2020-02-18T11:11:04","date_gmt":"2020-02-18T10:11:04","guid":{"rendered":"https:\/\/www.fundacionsindano.com\/?post_type=product&#038;p=1986"},"modified":"2020-02-18T11:11:18","modified_gmt":"2020-02-18T10:11:18","slug":"prueba-donacion","status":"publish","type":"product","link":"https:\/\/www.fundacionsindano.com\/en\/producto\/prueba-donacion\/","title":{"rendered":"prueba donaci\u00f3n"},"content":{"rendered":"","protected":false},"excerpt":{"rendered":"<p>texto prueba donaci\u00f3n<\/p>\n","protected":false},"featured_media":1268,"template":"","meta":{"give_campaign_id":0},"product_brand":[],"product_cat":[86],"product_tag":[],"class_list":{"0":"post-1986","1":"product","2":"type-product","3":"status-publish","4":"has-post-thumbnail","6":"product_cat-donaciones","8":"first","9":"instock","10":"shipping-taxable","11":"purchasable","12":"product-type-variable"},"yoast_head":"<!-- This site is optimized with the Yoast SEO plugin v27.4 - https:\/\/yoast.com\/product\/yoast-seo-wordpress\/ -->\n<title>prueba donaci\u00f3n - Fundaci\u00f3n Sin Da\u00f1o<\/title>\n<meta name=\"robots\" content=\"index, follow, max-snippet:-1, max-image-preview:large, max-video-preview:-1\" \/>\n<link rel=\"canonical\" href=\"https:\/\/www.fundacionsindano.com\/en\/producto\/prueba-donacion\/\" \/>\n<meta property=\"og:locale\" content=\"en_US\" \/>\n<meta property=\"og:type\" content=\"article\" \/>\n<meta property=\"og:title\" content=\"prueba donaci\u00f3n - Fundaci\u00f3n Sin Da\u00f1o\" \/>\n<meta property=\"og:description\" content=\"texto prueba donaci\u00f3n\" \/>\n<meta property=\"og:url\" content=\"https:\/\/www.fundacionsindano.com\/en\/producto\/prueba-donacion\/\" \/>\n<meta property=\"og:site_name\" content=\"Fundaci\u00f3n Sin Da\u00f1o\" \/>\n<meta property=\"article:modified_time\" content=\"2020-02-18T10:11:18+00:00\" \/>\n<meta property=\"og:image\" content=\"https:\/\/www.fundacionsindano.com\/wp-content\/uploads\/2019\/04\/P1100235-scaled.jpg\" \/>\n\t<meta property=\"og:image:width\" content=\"2560\" \/>\n\t<meta property=\"og:image:height\" content=\"1920\" \/>\n\t<meta property=\"og:image:type\" content=\"image\/jpeg\" \/>\n<meta name=\"twitter:card\" content=\"summary_large_image\" \/>\n<script type=\"application\/ld+json\" class=\"yoast-schema-graph\">{\"@context\":\"https:\\\/\\\/schema.org\",\"@graph\":[{\"@type\":\"WebPage\",\"@id\":\"https:\\\/\\\/www.fundacionsindano.com\\\/en\\\/producto\\\/prueba-donacion\\\/\",\"url\":\"https:\\\/\\\/www.fundacionsindano.com\\\/en\\\/producto\\\/prueba-donacion\\\/\",\"name\":\"prueba donaci\u00f3n - Fundaci\u00f3n Sin Da\u00f1o\",\"isPartOf\":{\"@id\":\"https:\\\/\\\/www.fundacionsindano.com\\\/en\\\/#website\"},\"primaryImageOfPage\":{\"@id\":\"https:\\\/\\\/www.fundacionsindano.com\\\/en\\\/producto\\\/prueba-donacion\\\/#primaryimage\"},\"image\":{\"@id\":\"https:\\\/\\\/www.fundacionsindano.com\\\/en\\\/producto\\\/prueba-donacion\\\/#primaryimage\"},\"thumbnailUrl\":\"https:\\\/\\\/www.fundacionsindano.com\\\/wp-content\\\/uploads\\\/2019\\\/04\\\/P1100235-scaled.jpg\",\"datePublished\":\"2020-02-18T10:11:04+00:00\",\"dateModified\":\"2020-02-18T10:11:18+00:00\",\"breadcrumb\":{\"@id\":\"https:\\\/\\\/www.fundacionsindano.com\\\/en\\\/producto\\\/prueba-donacion\\\/#breadcrumb\"},\"inLanguage\":\"en-US\",\"potentialAction\":[{\"@type\":\"ReadAction\",\"target\":[\"https:\\\/\\\/www.fundacionsindano.com\\\/en\\\/producto\\\/prueba-donacion\\\/\"]}]},{\"@type\":\"ImageObject\",\"inLanguage\":\"en-US\",\"@id\":\"https:\\\/\\\/www.fundacionsindano.com\\\/en\\\/producto\\\/prueba-donacion\\\/#primaryimage\",\"url\":\"https:\\\/\\\/www.fundacionsindano.com\\\/wp-content\\\/uploads\\\/2019\\\/04\\\/P1100235-scaled.jpg\",\"contentUrl\":\"https:\\\/\\\/www.fundacionsindano.com\\\/wp-content\\\/uploads\\\/2019\\\/04\\\/P1100235-scaled.jpg\",\"width\":2560,\"height\":1920},{\"@type\":\"BreadcrumbList\",\"@id\":\"https:\\\/\\\/www.fundacionsindano.com\\\/en\\\/producto\\\/prueba-donacion\\\/#breadcrumb\",\"itemListElement\":[{\"@type\":\"ListItem\",\"position\":1,\"name\":\"Portada\",\"item\":\"https:\\\/\\\/www.fundacionsindano.com\\\/en\\\/\"},{\"@type\":\"ListItem\",\"position\":2,\"name\":\"prueba\",\"item\":\"https:\\\/\\\/www.fundacionsindano.com\\\/prueba\\\/\"},{\"@type\":\"ListItem\",\"position\":3,\"name\":\"prueba donaci\u00f3n\"}]},{\"@type\":\"WebSite\",\"@id\":\"https:\\\/\\\/www.fundacionsindano.com\\\/en\\\/#website\",\"url\":\"https:\\\/\\\/www.fundacionsindano.com\\\/en\\\/\",\"name\":\"Fundaci\u00f3n Sin Da\u00f1o\",\"description\":\"\",\"publisher\":{\"@id\":\"https:\\\/\\\/www.fundacionsindano.com\\\/en\\\/#organization\"},\"potentialAction\":[{\"@type\":\"SearchAction\",\"target\":{\"@type\":\"EntryPoint\",\"urlTemplate\":\"https:\\\/\\\/www.fundacionsindano.com\\\/en\\\/?s={search_term_string}\"},\"query-input\":{\"@type\":\"PropertyValueSpecification\",\"valueRequired\":true,\"valueName\":\"search_term_string\"}}],\"inLanguage\":\"en-US\"},{\"@type\":\"Organization\",\"@id\":\"https:\\\/\\\/www.fundacionsindano.com\\\/en\\\/#organization\",\"name\":\"Fundaci\u00f3n Sin Da\u00f1o\",\"url\":\"https:\\\/\\\/www.fundacionsindano.com\\\/en\\\/\",\"logo\":{\"@type\":\"ImageObject\",\"inLanguage\":\"en-US\",\"@id\":\"https:\\\/\\\/www.fundacionsindano.com\\\/en\\\/#\\\/schema\\\/logo\\\/image\\\/\",\"url\":\"https:\\\/\\\/www.fundacionsindano.com\\\/wp-content\\\/uploads\\\/2017\\\/10\\\/fundacion_sin_dano_logo_retina.jpg\",\"contentUrl\":\"https:\\\/\\\/www.fundacionsindano.com\\\/wp-content\\\/uploads\\\/2017\\\/10\\\/fundacion_sin_dano_logo_retina.jpg\",\"width\":300,\"height\":300,\"caption\":\"Fundaci\u00f3n Sin Da\u00f1o\"},\"image\":{\"@id\":\"https:\\\/\\\/www.fundacionsindano.com\\\/en\\\/#\\\/schema\\\/logo\\\/image\\\/\"}}]}<\/script>\n<!-- \/ Yoast SEO plugin. -->","yoast_head_json":{"title":"prueba donaci\u00f3n - Fundaci\u00f3n Sin Da\u00f1o","robots":{"index":"index","follow":"follow","max-snippet":"max-snippet:-1","max-image-preview":"max-image-preview:large","max-video-preview":"max-video-preview:-1"},"canonical":"https:\/\/www.fundacionsindano.com\/en\/producto\/prueba-donacion\/","og_locale":"en_US","og_type":"article","og_title":"prueba donaci\u00f3n - Fundaci\u00f3n Sin Da\u00f1o","og_description":"texto prueba donaci\u00f3n","og_url":"https:\/\/www.fundacionsindano.com\/en\/producto\/prueba-donacion\/","og_site_name":"Fundaci\u00f3n Sin Da\u00f1o","article_modified_time":"2020-02-18T10:11:18+00:00","og_image":[{"width":2560,"height":1920,"url":"https:\/\/www.fundacionsindano.com\/wp-content\/uploads\/2019\/04\/P1100235-scaled.jpg","type":"image\/jpeg"}],"twitter_card":"summary_large_image","schema":{"@context":"https:\/\/schema.org","@graph":[{"@type":"WebPage","@id":"https:\/\/www.fundacionsindano.com\/en\/producto\/prueba-donacion\/","url":"https:\/\/www.fundacionsindano.com\/en\/producto\/prueba-donacion\/","name":"prueba donaci\u00f3n - Fundaci\u00f3n Sin Da\u00f1o","isPartOf":{"@id":"https:\/\/www.fundacionsindano.com\/en\/#website"},"primaryImageOfPage":{"@id":"https:\/\/www.fundacionsindano.com\/en\/producto\/prueba-donacion\/#primaryimage"},"image":{"@id":"https:\/\/www.fundacionsindano.com\/en\/producto\/prueba-donacion\/#primaryimage"},"thumbnailUrl":"https:\/\/www.fundacionsindano.com\/wp-content\/uploads\/2019\/04\/P1100235-scaled.jpg","datePublished":"2020-02-18T10:11:04+00:00","dateModified":"2020-02-18T10:11:18+00:00","breadcrumb":{"@id":"https:\/\/www.fundacionsindano.com\/en\/producto\/prueba-donacion\/#breadcrumb"},"inLanguage":"en-US","potentialAction":[{"@type":"ReadAction","target":["https:\/\/www.fundacionsindano.com\/en\/producto\/prueba-donacion\/"]}]},{"@type":"ImageObject","inLanguage":"en-US","@id":"https:\/\/www.fundacionsindano.com\/en\/producto\/prueba-donacion\/#primaryimage","url":"https:\/\/www.fundacionsindano.com\/wp-content\/uploads\/2019\/04\/P1100235-scaled.jpg","contentUrl":"https:\/\/www.fundacionsindano.com\/wp-content\/uploads\/2019\/04\/P1100235-scaled.jpg","width":2560,"height":1920},{"@type":"BreadcrumbList","@id":"https:\/\/www.fundacionsindano.com\/en\/producto\/prueba-donacion\/#breadcrumb","itemListElement":[{"@type":"ListItem","position":1,"name":"Portada","item":"https:\/\/www.fundacionsindano.com\/en\/"},{"@type":"ListItem","position":2,"name":"prueba","item":"https:\/\/www.fundacionsindano.com\/prueba\/"},{"@type":"ListItem","position":3,"name":"prueba donaci\u00f3n"}]},{"@type":"WebSite","@id":"https:\/\/www.fundacionsindano.com\/en\/#website","url":"https:\/\/www.fundacionsindano.com\/en\/","name":"Fundaci\u00f3n Sin Da\u00f1o","description":"","publisher":{"@id":"https:\/\/www.fundacionsindano.com\/en\/#organization"},"potentialAction":[{"@type":"SearchAction","target":{"@type":"EntryPoint","urlTemplate":"https:\/\/www.fundacionsindano.com\/en\/?s={search_term_string}"},"query-input":{"@type":"PropertyValueSpecification","valueRequired":true,"valueName":"search_term_string"}}],"inLanguage":"en-US"},{"@type":"Organization","@id":"https:\/\/www.fundacionsindano.com\/en\/#organization","name":"Fundaci\u00f3n Sin Da\u00f1o","url":"https:\/\/www.fundacionsindano.com\/en\/","logo":{"@type":"ImageObject","inLanguage":"en-US","@id":"https:\/\/www.fundacionsindano.com\/en\/#\/schema\/logo\/image\/","url":"https:\/\/www.fundacionsindano.com\/wp-content\/uploads\/2017\/10\/fundacion_sin_dano_logo_retina.jpg","contentUrl":"https:\/\/www.fundacionsindano.com\/wp-content\/uploads\/2017\/10\/fundacion_sin_dano_logo_retina.jpg","width":300,"height":300,"caption":"Fundaci\u00f3n Sin Da\u00f1o"},"image":{"@id":"https:\/\/www.fundacionsindano.com\/en\/#\/schema\/logo\/image\/"}}]}},"_links":{"self":[{"href":"https:\/\/www.fundacionsindano.com\/en\/wp-json\/wp\/v2\/product\/1986","targetHints":{"allow":["GET"]}}],"collection":[{"href":"https:\/\/www.fundacionsindano.com\/en\/wp-json\/wp\/v2\/product"}],"about":[{"href":"https:\/\/www.fundacionsindano.com\/en\/wp-json\/wp\/v2\/types\/product"}],"wp:featuredmedia":[{"embeddable":true,"href":"https:\/\/www.fundacionsindano.com\/en\/wp-json\/wp\/v2\/media\/1268"}],"wp:attachment":[{"href":"https:\/\/www.fundacionsindano.com\/en\/wp-json\/wp\/v2\/media?parent=1986"}],"wp:term":[{"taxonomy":"product_brand","embeddable":true,"href":"https:\/\/www.fundacionsindano.com\/en\/wp-json\/wp\/v2\/product_brand?post=1986"},{"taxonomy":"product_cat","embeddable":true,"href":"https:\/\/www.fundacionsindano.com\/en\/wp-json\/wp\/v2\/product_cat?post=1986"},{"taxonomy":"product_tag","embeddable":true,"href":"https:\/\/www.fundacionsindano.com\/en\/wp-json\/wp\/v2\/product_tag?post=1986"}],"curies":[{"name":"wp","href":"https:\/\/api.w.org\/{rel}","templated":true}]}}