{"id":1880,"date":"2017-11-08T09:51:41","date_gmt":"2017-11-08T09:51:41","guid":{"rendered":"https:\/\/www.fundacionsindano.com\/punto-de-encuentro-de-familias\/"},"modified":"2020-01-17T07:03:18","modified_gmt":"2020-01-17T07:03:18","slug":"punto-de-encuentro-de-familias","status":"publish","type":"page","link":"https:\/\/www.fundacionsindano.com\/en\/punto-de-encuentro-de-familias\/","title":{"rendered":"PUNTO DE ENCUENTRO DE FAMILIAS"},"content":{"rendered":"<p>[fusion_builder_container hundred_percent=&#8221;no&#8221; equal_height_columns=&#8221;no&#8221; menu_anchor=&#8221;&#8221; hide_on_mobile=&#8221;small-visibility,medium-visibility,large-visibility&#8221; class=&#8221;&#8221; id=&#8221;&#8221; background_color=&#8221;&#8221; background_image=&#8221;&#8221; background_position=&#8221;center center&#8221; background_repeat=&#8221;no-repeat&#8221; fade=&#8221;no&#8221; background_parallax=&#8221;none&#8221; enable_mobile=&#8221;no&#8221; parallax_speed=&#8221;0.3&#8243; video_mp4=&#8221;&#8221; video_webm=&#8221;&#8221; video_ogv=&#8221;&#8221; video_url=&#8221;&#8221; video_aspect_ratio=&#8221;16:9&#8243; video_loop=&#8221;yes&#8221; video_mute=&#8221;yes&#8221; video_preview_image=&#8221;&#8221; border_size=&#8221;&#8221; border_color=&#8221;&#8221; border_style=&#8221;solid&#8221; margin_top=&#8221;&#8221; margin_bottom=&#8221;&#8221; padding_top=&#8221;&#8221; padding_right=&#8221;&#8221; padding_bottom=&#8221;&#8221; padding_left=&#8221;&#8221;][fusion_builder_row][fusion_builder_column type=&#8221;1_1&#8243; layout=&#8221;1_1&#8243; spacing=&#8221;&#8221; center_content=&#8221;no&#8221; hover_type=&#8221;none&#8221; link=&#8221;&#8221; min_height=&#8221;&#8221; hide_on_mobile=&#8221;small-visibility,medium-visibility,large-visibility&#8221; class=&#8221;&#8221; id=&#8221;&#8221; background_color=&#8221;&#8221; background_image=&#8221;&#8221; background_position=&#8221;left top&#8221; background_repeat=&#8221;no-repeat&#8221; border_size=&#8221;0&#8243; border_color=&#8221;&#8221; border_style=&#8221;solid&#8221; border_position=&#8221;all&#8221; padding=&#8221;&#8221; dimension_margin=&#8221;&#8221; animation_type=&#8221;&#8221; animation_direction=&#8221;left&#8221; animation_speed=&#8221;0.3&#8243; animation_offset=&#8221;&#8221; last=&#8221;no&#8221;][fusion_tagline_box backgroundcolor=&#8221;&#8221; shadow=&#8221;yes&#8221; shadowopacity=&#8221;0.7&#8243; border=&#8221;1&#8243; bordercolor=&#8221;&#8221; highlightposition=&#8221;top&#8221; content_alignment=&#8221;center&#8221; link=&#8221;&#8221; button=&#8221;&#8221; linktarget=&#8221;_self&#8221; modal=&#8221;&#8221; button_size=&#8221;&#8221; button_type=&#8221;&#8221; button_shape=&#8221;&#8221; buttoncolor=&#8221;default&#8221; title=&#8221;PUNTO DE ENCUENTRO DE FAMILIAS&#8221; description=&#8221;Esta web pretende servir de punto de encuentro para todas las familias de ni\u00f1os y ni\u00f1as con da\u00f1o cerebral sobrevenido #DCS (o adquirido #DCA, es lo mismo).<br \/>\nSer\u00e1 un espacio abierto al intercambio de informaci\u00f3n y documentaci\u00f3n m\u00e9dica y general de las personas interesadas o afectadas por el DCS infantil y juvenil (#DCSinfantil).<br \/>\n&#8221; margin_top=&#8221;&#8221; margin_bottom=&#8221;30&#8243; hide_on_mobile=&#8221;small-visibility,medium-visibility,large-visibility&#8221; class=&#8221;&#8221; id=&#8221;&#8221; animation_type=&#8221;&#8221; animation_direction=&#8221;left&#8221; animation_speed=&#8221;0.3&#8243; animation_offset=&#8221;&#8221; \/][\/fusion_builder_column][\/fusion_builder_row][\/fusion_builder_container]<\/p>\n","protected":false},"excerpt":{"rendered":"<p>[fusion_builder_container hundred_percent=&#8221;no&#8221; equal_height_columns=&#8221;no&#8221; menu_anchor=&#8221;&#8221; hide_on_mobile=&#8221;small-visibility,medium-visibility,large-visibility&#8221; class=&#8221;&#8221; id=&#8221;&#8221; background_color=&#8221;&#8221; background_image=&#8221;&#8221; background_position=&#8221;center center&#8221; background_repeat=&#8221;no-repeat&#8221; fade=&#8221;no&#8221; background_parallax=&#8221;none&#8221; enable_mobile=&#8221;no&#8221; parallax_speed=&#8221;0.3&#8243; video_mp4=&#8221;&#8221; video_webm=&#8221;&#8221; video_ogv=&#8221;&#8221; video_url=&#8221;&#8221; video_aspect_ratio=&#8221;16:9&#8243; video_loop=&#8221;yes&#8221; video_mute=&#8221;yes&#8221; video_preview_image=&#8221;&#8221; border_size=&#8221;&#8221; border_color=&#8221;&#8221; border_style=&#8221;solid&#8221; margin_top=&#8221;&#8221; margin_bottom=&#8221;&#8221; padding_top=&#8221;&#8221; padding_right=&#8221;&#8221; padding_bottom=&#8221;&#8221; padding_left=&#8221;&#8221;][fusion_builder_row][fusion_builder_column type=&#8221;1_1&#8243; layout=&#8221;1_1&#8243; spacing=&#8221;&#8221; center_content=&#8221;no&#8221; hover_type=&#8221;none&#8221; link=&#8221;&#8221; min_height=&#8221;&#8221; hide_on_mobile=&#8221;small-visibility,medium-visibility,large-visibility&#8221; class=&#8221;&#8221; id=&#8221;&#8221; background_color=&#8221;&#8221; background_image=&#8221;&#8221; background_position=&#8221;left top&#8221; background_repeat=&#8221;no-repeat&#8221; border_size=&#8221;0&#8243; border_color=&#8221;&#8221; border_style=&#8221;solid&#8221; border_position=&#8221;all&#8221; padding=&#8221;&#8221; dimension_margin=&#8221;&#8221; animation_type=&#8221;&#8221; [&hellip;]<\/p>\n","protected":false},"author":1,"featured_media":0,"parent":0,"menu_order":0,"comment_status":"closed","ping_status":"closed","template":"","meta":{"give_campaign_id":0,"footnotes":""},"class_list":["post-1880","page","type-page","status-publish","hentry"],"yoast_head":"<!-- This site is optimized with the Yoast SEO plugin v27.1.1 - https:\/\/yoast.com\/product\/yoast-seo-wordpress\/ -->\n<title>PUNTO DE ENCUENTRO DE FAMILIAS - Fundaci\u00f3n Sin Da\u00f1o<\/title>\n<meta name=\"robots\" content=\"index, follow, max-snippet:-1, max-image-preview:large, max-video-preview:-1\" \/>\n<link rel=\"canonical\" href=\"https:\/\/www.fundacionsindano.com\/en\/punto-de-encuentro-de-familias\/\" \/>\n<meta property=\"og:locale\" content=\"en_US\" \/>\n<meta property=\"og:type\" content=\"article\" \/>\n<meta property=\"og:title\" content=\"PUNTO DE ENCUENTRO DE FAMILIAS - Fundaci\u00f3n Sin Da\u00f1o\" \/>\n<meta property=\"og:description\" content=\"[fusion_builder_container hundred_percent=&#8221;no&#8221; equal_height_columns=&#8221;no&#8221; menu_anchor=&#8221;&#8221; hide_on_mobile=&#8221;small-visibility,medium-visibility,large-visibility&#8221; class=&#8221;&#8221; id=&#8221;&#8221; background_color=&#8221;&#8221; background_image=&#8221;&#8221; background_position=&#8221;center center&#8221; background_repeat=&#8221;no-repeat&#8221; fade=&#8221;no&#8221; background_parallax=&#8221;none&#8221; enable_mobile=&#8221;no&#8221; parallax_speed=&#8221;0.3&#8243; video_mp4=&#8221;&#8221; video_webm=&#8221;&#8221; video_ogv=&#8221;&#8221; video_url=&#8221;&#8221; video_aspect_ratio=&#8221;16:9&#8243; video_loop=&#8221;yes&#8221; video_mute=&#8221;yes&#8221; video_preview_image=&#8221;&#8221; border_size=&#8221;&#8221; border_color=&#8221;&#8221; border_style=&#8221;solid&#8221; margin_top=&#8221;&#8221; margin_bottom=&#8221;&#8221; padding_top=&#8221;&#8221; padding_right=&#8221;&#8221; padding_bottom=&#8221;&#8221; padding_left=&#8221;&#8221;][fusion_builder_row][fusion_builder_column type=&#8221;1_1&#8243; layout=&#8221;1_1&#8243; spacing=&#8221;&#8221; center_content=&#8221;no&#8221; hover_type=&#8221;none&#8221; link=&#8221;&#8221; min_height=&#8221;&#8221; hide_on_mobile=&#8221;small-visibility,medium-visibility,large-visibility&#8221; class=&#8221;&#8221; id=&#8221;&#8221; background_color=&#8221;&#8221; background_image=&#8221;&#8221; background_position=&#8221;left top&#8221; background_repeat=&#8221;no-repeat&#8221; border_size=&#8221;0&#8243; border_color=&#8221;&#8221; border_style=&#8221;solid&#8221; border_position=&#8221;all&#8221; padding=&#8221;&#8221; dimension_margin=&#8221;&#8221; animation_type=&#8221;&#8221; [&hellip;]\" \/>\n<meta property=\"og:url\" content=\"https:\/\/www.fundacionsindano.com\/en\/punto-de-encuentro-de-familias\/\" \/>\n<meta property=\"og:site_name\" content=\"Fundaci\u00f3n Sin Da\u00f1o\" \/>\n<meta property=\"article:modified_time\" content=\"2020-01-17T07:03:18+00:00\" \/>\n<meta name=\"twitter:card\" content=\"summary_large_image\" \/>\n<meta name=\"twitter:label1\" content=\"Est. reading time\" \/>\n\t<meta name=\"twitter:data1\" content=\"1 minute\" \/>\n<script type=\"application\/ld+json\" class=\"yoast-schema-graph\">{\"@context\":\"https:\/\/schema.org\",\"@graph\":[{\"@type\":\"WebPage\",\"@id\":\"https:\/\/www.fundacionsindano.com\/en\/punto-de-encuentro-de-familias\/\",\"url\":\"https:\/\/www.fundacionsindano.com\/en\/punto-de-encuentro-de-familias\/\",\"name\":\"PUNTO DE ENCUENTRO DE FAMILIAS - Fundaci\u00f3n Sin Da\u00f1o\",\"isPartOf\":{\"@id\":\"https:\/\/www.fundacionsindano.com\/en\/#website\"},\"datePublished\":\"2017-11-08T09:51:41+00:00\",\"dateModified\":\"2020-01-17T07:03:18+00:00\",\"breadcrumb\":{\"@id\":\"https:\/\/www.fundacionsindano.com\/en\/punto-de-encuentro-de-familias\/#breadcrumb\"},\"inLanguage\":\"en-US\",\"potentialAction\":[{\"@type\":\"ReadAction\",\"target\":[\"https:\/\/www.fundacionsindano.com\/en\/punto-de-encuentro-de-familias\/\"]}]},{\"@type\":\"BreadcrumbList\",\"@id\":\"https:\/\/www.fundacionsindano.com\/en\/punto-de-encuentro-de-familias\/#breadcrumb\",\"itemListElement\":[{\"@type\":\"ListItem\",\"position\":1,\"name\":\"Portada\",\"item\":\"https:\/\/www.fundacionsindano.com\/en\/\"},{\"@type\":\"ListItem\",\"position\":2,\"name\":\"PUNTO DE ENCUENTRO DE FAMILIAS\"}]},{\"@type\":\"WebSite\",\"@id\":\"https:\/\/www.fundacionsindano.com\/en\/#website\",\"url\":\"https:\/\/www.fundacionsindano.com\/en\/\",\"name\":\"Fundaci\u00f3n Sin Da\u00f1o\",\"description\":\"\",\"publisher\":{\"@id\":\"https:\/\/www.fundacionsindano.com\/en\/#organization\"},\"potentialAction\":[{\"@type\":\"SearchAction\",\"target\":{\"@type\":\"EntryPoint\",\"urlTemplate\":\"https:\/\/www.fundacionsindano.com\/en\/?s={search_term_string}\"},\"query-input\":{\"@type\":\"PropertyValueSpecification\",\"valueRequired\":true,\"valueName\":\"search_term_string\"}}],\"inLanguage\":\"en-US\"},{\"@type\":\"Organization\",\"@id\":\"https:\/\/www.fundacionsindano.com\/en\/#organization\",\"name\":\"Fundaci\u00f3n Sin Da\u00f1o\",\"url\":\"https:\/\/www.fundacionsindano.com\/en\/\",\"logo\":{\"@type\":\"ImageObject\",\"inLanguage\":\"en-US\",\"@id\":\"https:\/\/www.fundacionsindano.com\/en\/#\/schema\/logo\/image\/\",\"url\":\"https:\/\/www.fundacionsindano.com\/wp-content\/uploads\/2017\/10\/fundacion_sin_dano_logo_retina.jpg\",\"contentUrl\":\"https:\/\/www.fundacionsindano.com\/wp-content\/uploads\/2017\/10\/fundacion_sin_dano_logo_retina.jpg\",\"width\":300,\"height\":300,\"caption\":\"Fundaci\u00f3n Sin Da\u00f1o\"},\"image\":{\"@id\":\"https:\/\/www.fundacionsindano.com\/en\/#\/schema\/logo\/image\/\"}}]}<\/script>\n<!-- \/ Yoast SEO plugin. -->","yoast_head_json":{"title":"PUNTO DE ENCUENTRO DE FAMILIAS - Fundaci\u00f3n Sin Da\u00f1o","robots":{"index":"index","follow":"follow","max-snippet":"max-snippet:-1","max-image-preview":"max-image-preview:large","max-video-preview":"max-video-preview:-1"},"canonical":"https:\/\/www.fundacionsindano.com\/en\/punto-de-encuentro-de-familias\/","og_locale":"en_US","og_type":"article","og_title":"PUNTO DE ENCUENTRO DE FAMILIAS - Fundaci\u00f3n Sin Da\u00f1o","og_description":"[fusion_builder_container hundred_percent=&#8221;no&#8221; equal_height_columns=&#8221;no&#8221; menu_anchor=&#8221;&#8221; hide_on_mobile=&#8221;small-visibility,medium-visibility,large-visibility&#8221; class=&#8221;&#8221; id=&#8221;&#8221; background_color=&#8221;&#8221; background_image=&#8221;&#8221; background_position=&#8221;center center&#8221; background_repeat=&#8221;no-repeat&#8221; fade=&#8221;no&#8221; background_parallax=&#8221;none&#8221; enable_mobile=&#8221;no&#8221; parallax_speed=&#8221;0.3&#8243; video_mp4=&#8221;&#8221; video_webm=&#8221;&#8221; video_ogv=&#8221;&#8221; video_url=&#8221;&#8221; video_aspect_ratio=&#8221;16:9&#8243; video_loop=&#8221;yes&#8221; video_mute=&#8221;yes&#8221; video_preview_image=&#8221;&#8221; border_size=&#8221;&#8221; border_color=&#8221;&#8221; border_style=&#8221;solid&#8221; margin_top=&#8221;&#8221; margin_bottom=&#8221;&#8221; padding_top=&#8221;&#8221; padding_right=&#8221;&#8221; padding_bottom=&#8221;&#8221; padding_left=&#8221;&#8221;][fusion_builder_row][fusion_builder_column type=&#8221;1_1&#8243; layout=&#8221;1_1&#8243; spacing=&#8221;&#8221; center_content=&#8221;no&#8221; hover_type=&#8221;none&#8221; link=&#8221;&#8221; min_height=&#8221;&#8221; hide_on_mobile=&#8221;small-visibility,medium-visibility,large-visibility&#8221; class=&#8221;&#8221; id=&#8221;&#8221; background_color=&#8221;&#8221; background_image=&#8221;&#8221; background_position=&#8221;left top&#8221; background_repeat=&#8221;no-repeat&#8221; border_size=&#8221;0&#8243; border_color=&#8221;&#8221; border_style=&#8221;solid&#8221; border_position=&#8221;all&#8221; padding=&#8221;&#8221; dimension_margin=&#8221;&#8221; animation_type=&#8221;&#8221; [&hellip;]","og_url":"https:\/\/www.fundacionsindano.com\/en\/punto-de-encuentro-de-familias\/","og_site_name":"Fundaci\u00f3n Sin Da\u00f1o","article_modified_time":"2020-01-17T07:03:18+00:00","twitter_card":"summary_large_image","twitter_misc":{"Est. reading time":"1 minute"},"schema":{"@context":"https:\/\/schema.org","@graph":[{"@type":"WebPage","@id":"https:\/\/www.fundacionsindano.com\/en\/punto-de-encuentro-de-familias\/","url":"https:\/\/www.fundacionsindano.com\/en\/punto-de-encuentro-de-familias\/","name":"PUNTO DE ENCUENTRO DE FAMILIAS - Fundaci\u00f3n Sin Da\u00f1o","isPartOf":{"@id":"https:\/\/www.fundacionsindano.com\/en\/#website"},"datePublished":"2017-11-08T09:51:41+00:00","dateModified":"2020-01-17T07:03:18+00:00","breadcrumb":{"@id":"https:\/\/www.fundacionsindano.com\/en\/punto-de-encuentro-de-familias\/#breadcrumb"},"inLanguage":"en-US","potentialAction":[{"@type":"ReadAction","target":["https:\/\/www.fundacionsindano.com\/en\/punto-de-encuentro-de-familias\/"]}]},{"@type":"BreadcrumbList","@id":"https:\/\/www.fundacionsindano.com\/en\/punto-de-encuentro-de-familias\/#breadcrumb","itemListElement":[{"@type":"ListItem","position":1,"name":"Portada","item":"https:\/\/www.fundacionsindano.com\/en\/"},{"@type":"ListItem","position":2,"name":"PUNTO DE ENCUENTRO DE FAMILIAS"}]},{"@type":"WebSite","@id":"https:\/\/www.fundacionsindano.com\/en\/#website","url":"https:\/\/www.fundacionsindano.com\/en\/","name":"Fundaci\u00f3n Sin Da\u00f1o","description":"","publisher":{"@id":"https:\/\/www.fundacionsindano.com\/en\/#organization"},"potentialAction":[{"@type":"SearchAction","target":{"@type":"EntryPoint","urlTemplate":"https:\/\/www.fundacionsindano.com\/en\/?s={search_term_string}"},"query-input":{"@type":"PropertyValueSpecification","valueRequired":true,"valueName":"search_term_string"}}],"inLanguage":"en-US"},{"@type":"Organization","@id":"https:\/\/www.fundacionsindano.com\/en\/#organization","name":"Fundaci\u00f3n Sin Da\u00f1o","url":"https:\/\/www.fundacionsindano.com\/en\/","logo":{"@type":"ImageObject","inLanguage":"en-US","@id":"https:\/\/www.fundacionsindano.com\/en\/#\/schema\/logo\/image\/","url":"https:\/\/www.fundacionsindano.com\/wp-content\/uploads\/2017\/10\/fundacion_sin_dano_logo_retina.jpg","contentUrl":"https:\/\/www.fundacionsindano.com\/wp-content\/uploads\/2017\/10\/fundacion_sin_dano_logo_retina.jpg","width":300,"height":300,"caption":"Fundaci\u00f3n Sin Da\u00f1o"},"image":{"@id":"https:\/\/www.fundacionsindano.com\/en\/#\/schema\/logo\/image\/"}}]}},"campaignId":"","_links":{"self":[{"href":"https:\/\/www.fundacionsindano.com\/en\/wp-json\/wp\/v2\/pages\/1880","targetHints":{"allow":["GET"]}}],"collection":[{"href":"https:\/\/www.fundacionsindano.com\/en\/wp-json\/wp\/v2\/pages"}],"about":[{"href":"https:\/\/www.fundacionsindano.com\/en\/wp-json\/wp\/v2\/types\/page"}],"author":[{"embeddable":true,"href":"https:\/\/www.fundacionsindano.com\/en\/wp-json\/wp\/v2\/users\/1"}],"replies":[{"embeddable":true,"href":"https:\/\/www.fundacionsindano.com\/en\/wp-json\/wp\/v2\/comments?post=1880"}],"version-history":[{"count":1,"href":"https:\/\/www.fundacionsindano.com\/en\/wp-json\/wp\/v2\/pages\/1880\/revisions"}],"predecessor-version":[{"id":1884,"href":"https:\/\/www.fundacionsindano.com\/en\/wp-json\/wp\/v2\/pages\/1880\/revisions\/1884"}],"wp:attachment":[{"href":"https:\/\/www.fundacionsindano.com\/en\/wp-json\/wp\/v2\/media?parent=1880"}],"curies":[{"name":"wp","href":"https:\/\/api.w.org\/{rel}","templated":true}]}}