{"id":1855,"date":"2017-11-28T11:07:24","date_gmt":"2017-11-28T11:07:24","guid":{"rendered":"https:\/\/www.fundacionsindano.com\/convenios-y-legislacion\/"},"modified":"2024-06-15T12:10:37","modified_gmt":"2024-06-15T10:10:37","slug":"convenios-y-legislacion","status":"publish","type":"page","link":"https:\/\/www.fundacionsindano.com\/en\/convenios-y-legislacion\/","title":{"rendered":"Convenios y Legislaci\u00f3n"},"content":{"rendered":"\t\t<div data-elementor-type=\"wp-page\" data-elementor-id=\"1855\" class=\"elementor elementor-1855 elementor-977\" data-elementor-post-type=\"page\">\n\t\t\t\t<div class=\"elementor-element elementor-element-0e7c73a e-con-full e-flex e-con e-parent\" data-id=\"0e7c73a\" data-element_type=\"container\" data-e-type=\"container\">\n\t\t<div class=\"elementor-element elementor-element-ccee0a6 e-con-full e-flex e-con e-child\" data-id=\"ccee0a6\" data-element_type=\"container\" data-e-type=\"container\" data-settings=\"{&quot;background_background&quot;:&quot;classic&quot;}\">\n\t\t\t\t<div class=\"elementor-element elementor-element-8335e08 elementor-widget elementor-widget-heading\" data-id=\"8335e08\" data-element_type=\"widget\" data-e-type=\"widget\" data-widget_type=\"heading.default\">\n\t\t\t\t<div class=\"elementor-widget-container\">\n\t\t\t\t\t<h1 class=\"elementor-heading-title elementor-size-default\">Convenios y legislaci\u00f3n<\/h1>\t\t\t\t<\/div>\n\t\t\t\t<\/div>\n\t\t\t\t<\/div>\n\t\t\t\t<\/div>\n\t\t<div class=\"elementor-element elementor-element-1542f19b e-flex e-con-boxed e-con e-parent\" data-id=\"1542f19b\" data-element_type=\"container\" data-e-type=\"container\">\n\t\t\t\t\t<div class=\"e-con-inner\">\n\t\t<div class=\"elementor-element elementor-element-2fb8a80 e-flex e-con-boxed e-con e-child\" data-id=\"2fb8a80\" data-element_type=\"container\" data-e-type=\"container\">\n\t\t\t\t\t<div class=\"e-con-inner\">\n\t\t\t\t<div class=\"elementor-element elementor-element-25ca558d elementor-tabs-view-vertical elementor-widget__width-inherit elementor-widget elementor-widget-tabs\" data-id=\"25ca558d\" data-element_type=\"widget\" data-e-type=\"widget\" data-widget_type=\"tabs.default\">\n\t\t\t\t<div class=\"elementor-widget-container\">\n\t\t\t\t\t\t\t<div class=\"elementor-tabs\">\n\t\t\t<div class=\"elementor-tabs-wrapper\" role=\"tablist\" >\n\t\t\t\t\t\t\t\t\t<div id=\"elementor-tab-title-6341\" class=\"elementor-tab-title elementor-tab-desktop-title\" aria-selected=\"true\" data-tab=\"1\" role=\"tab\" tabindex=\"0\" aria-controls=\"elementor-tab-content-6341\" aria-expanded=\"false\">Convenios<\/div>\n\t\t\t\t\t\t\t\t\t<div id=\"elementor-tab-title-6342\" class=\"elementor-tab-title elementor-tab-desktop-title\" aria-selected=\"false\" data-tab=\"2\" role=\"tab\" tabindex=\"-1\" aria-controls=\"elementor-tab-content-6342\" aria-expanded=\"false\">Legislaci\u00f3n<\/div>\n\t\t\t\t\t\t\t<\/div>\n\t\t\t<div class=\"elementor-tabs-content-wrapper\" role=\"tablist\" aria-orientation=\"vertical\">\n\t\t\t\t\t\t\t\t\t<div class=\"elementor-tab-title elementor-tab-mobile-title\" aria-selected=\"true\" data-tab=\"1\" role=\"tab\" tabindex=\"0\" aria-controls=\"elementor-tab-content-6341\" aria-expanded=\"false\">Convenios<\/div>\n\t\t\t\t\t<div id=\"elementor-tab-content-6341\" class=\"elementor-tab-content elementor-clearfix\" data-tab=\"1\" role=\"tabpanel\" aria-labelledby=\"elementor-tab-title-6341\" tabindex=\"0\" hidden=\"false\">\t\t<div data-elementor-type=\"page\" data-elementor-id=\"4382\" class=\"elementor elementor-4382\" data-elementor-post-type=\"elementor_library\">\n\t\t\t\t<div class=\"elementor-element elementor-element-6c259901 e-flex e-con-boxed e-con e-parent\" data-id=\"6c259901\" data-element_type=\"container\" data-e-type=\"container\">\n\t\t\t\t\t<div class=\"e-con-inner\">\n\t\t\t\t<div class=\"elementor-element elementor-element-2f940f7e elementor-icon-list--layout-traditional elementor-list-item-link-full_width elementor-widget elementor-widget-icon-list\" data-id=\"2f940f7e\" data-element_type=\"widget\" data-e-type=\"widget\" data-widget_type=\"icon-list.default\">\n\t\t\t\t<div class=\"elementor-widget-container\">\n\t\t\t\t\t\t\t<ul class=\"elementor-icon-list-items\">\n\t\t\t\t\t\t\t<li class=\"elementor-icon-list-item\">\n\t\t\t\t\t\t\t\t\t\t\t<a href=\"https:\/\/www.fundacionsindano.com\/en\/convencion-naciones-unidas-personas-con-discapacidad\/\" target=\"_blank\">\n\n\t\t\t\t\t\t\t\t\t\t\t<span class=\"elementor-icon-list-text\">Convencion Naciones Unidas personas con discapacidad<\/span>\n\t\t\t\t\t\t\t\t\t\t\t<\/a>\n\t\t\t\t\t\t\t\t\t<\/li>\n\t\t\t\t\t\t<\/ul>\n\t\t\t\t\t\t<\/div>\n\t\t\t\t<\/div>\n\t\t\t\t<div class=\"elementor-element elementor-element-3933e1b1 elementor-icon-list--layout-traditional elementor-list-item-link-full_width elementor-widget elementor-widget-icon-list\" data-id=\"3933e1b1\" data-element_type=\"widget\" data-e-type=\"widget\" data-widget_type=\"icon-list.default\">\n\t\t\t\t<div class=\"elementor-widget-container\">\n\t\t\t\t\t\t\t<ul class=\"elementor-icon-list-items\">\n\t\t\t\t\t\t\t<li class=\"elementor-icon-list-item\">\n\t\t\t\t\t\t\t\t\t\t\t<a href=\"https:\/\/www.fundacionsindano.com\/wp-content\/uploads\/2017\/11\/Ratificaci%C3%B3n-Convenci%C3%B3n-Derechos-del-Ni%C3%B1o-Asamblea-Naciones-Unidas-20-noviembre-1989.pdf\" target=\"_blank\">\n\n\t\t\t\t\t\t\t\t\t\t\t<span class=\"elementor-icon-list-text\">Ratificaci\u00f3n Convenci\u00f3n Derechos del Ni\u00f1o Asamblea Naciones Unidas 20 noviembre 1989<\/span>\n\t\t\t\t\t\t\t\t\t\t\t<\/a>\n\t\t\t\t\t\t\t\t\t<\/li>\n\t\t\t\t\t\t<\/ul>\n\t\t\t\t\t\t<\/div>\n\t\t\t\t<\/div>\n\t\t\t\t\t<\/div>\n\t\t\t\t<\/div>\n\t\t\t\t<\/div>\n\t\t<\/div>\n\t\t\t\t\t\t\t\t\t<div class=\"elementor-tab-title elementor-tab-mobile-title\" aria-selected=\"false\" data-tab=\"2\" role=\"tab\" tabindex=\"-1\" aria-controls=\"elementor-tab-content-6342\" aria-expanded=\"false\">Legislaci\u00f3n<\/div>\n\t\t\t\t\t<div id=\"elementor-tab-content-6342\" class=\"elementor-tab-content elementor-clearfix\" data-tab=\"2\" role=\"tabpanel\" aria-labelledby=\"elementor-tab-title-6342\" tabindex=\"0\" hidden=\"hidden\">\t\t<div data-elementor-type=\"page\" data-elementor-id=\"4384\" class=\"elementor elementor-4384\" data-elementor-post-type=\"elementor_library\">\n\t\t\t\t<div class=\"elementor-element elementor-element-3a3cda55 e-flex e-con-boxed e-con e-parent\" data-id=\"3a3cda55\" data-element_type=\"container\" data-e-type=\"container\">\n\t\t\t\t\t<div class=\"e-con-inner\">\n\t\t\t\t<div class=\"elementor-element elementor-element-6bcf9a33 elementor-icon-list--layout-traditional elementor-list-item-link-full_width elementor-widget elementor-widget-icon-list\" data-id=\"6bcf9a33\" data-element_type=\"widget\" data-e-type=\"widget\" data-widget_type=\"icon-list.default\">\n\t\t\t\t<div class=\"elementor-widget-container\">\n\t\t\t\t\t\t\t<ul class=\"elementor-icon-list-items\">\n\t\t\t\t\t\t\t<li class=\"elementor-icon-list-item\">\n\t\t\t\t\t\t\t\t\t\t\t<a href=\"https:\/\/www.fundacionsindano.com\/wp-content\/uploads\/2017\/11\/RDL_16_2012.pdf\" target=\"_blank\">\n\n\t\t\t\t\t\t\t\t\t\t\t<span class=\"elementor-icon-list-text\">RDL 16 2012<\/span>\n\t\t\t\t\t\t\t\t\t\t\t<\/a>\n\t\t\t\t\t\t\t\t\t<\/li>\n\t\t\t\t\t\t<\/ul>\n\t\t\t\t\t\t<\/div>\n\t\t\t\t<\/div>\n\t\t\t\t\t<\/div>\n\t\t\t\t<\/div>\n\t\t\t\t<\/div>\n\t\t<\/div>\n\t\t\t\t\t\t\t<\/div>\n\t\t<\/div>\n\t\t\t\t\t\t<\/div>\n\t\t\t\t<\/div>\n\t\t\t\t\t<\/div>\n\t\t\t\t<\/div>\n\t\t\t\t\t<\/div>\n\t\t\t\t<\/div>\n\t\t\t\t<\/div>\n\t\t","protected":false},"excerpt":{"rendered":"<p>Convenios y legislaci\u00f3n Convenios Legislaci\u00f3n Convenios Legislaci\u00f3n<\/p>\n","protected":false},"author":1,"featured_media":0,"parent":0,"menu_order":0,"comment_status":"closed","ping_status":"closed","template":"","meta":{"give_campaign_id":0,"footnotes":""},"class_list":["post-1855","page","type-page","status-publish","hentry"],"yoast_head":"<!-- This site is optimized with the Yoast SEO plugin v27.4 - https:\/\/yoast.com\/product\/yoast-seo-wordpress\/ -->\n<title>Convenios y Legislaci\u00f3n - Fundaci\u00f3n Sin Da\u00f1o<\/title>\n<meta name=\"robots\" content=\"index, follow, max-snippet:-1, max-image-preview:large, max-video-preview:-1\" \/>\n<link rel=\"canonical\" href=\"https:\/\/www.fundacionsindano.com\/en\/convenios-y-legislacion\/\" \/>\n<meta property=\"og:locale\" content=\"en_US\" \/>\n<meta property=\"og:type\" content=\"article\" \/>\n<meta property=\"og:title\" content=\"Convenios y Legislaci\u00f3n - Fundaci\u00f3n Sin Da\u00f1o\" \/>\n<meta property=\"og:description\" content=\"Convenios y legislaci\u00f3n Convenios Legislaci\u00f3n Convenios Legislaci\u00f3n\" \/>\n<meta property=\"og:url\" content=\"https:\/\/www.fundacionsindano.com\/en\/convenios-y-legislacion\/\" \/>\n<meta property=\"og:site_name\" content=\"Fundaci\u00f3n Sin Da\u00f1o\" \/>\n<meta property=\"article:modified_time\" content=\"2024-06-15T10:10:37+00:00\" \/>\n<meta name=\"twitter:card\" content=\"summary_large_image\" \/>\n<script type=\"application\/ld+json\" class=\"yoast-schema-graph\">{\"@context\":\"https:\\\/\\\/schema.org\",\"@graph\":[{\"@type\":\"WebPage\",\"@id\":\"https:\\\/\\\/www.fundacionsindano.com\\\/en\\\/convenios-y-legislacion\\\/\",\"url\":\"https:\\\/\\\/www.fundacionsindano.com\\\/en\\\/convenios-y-legislacion\\\/\",\"name\":\"Convenios y Legislaci\u00f3n - Fundaci\u00f3n Sin Da\u00f1o\",\"isPartOf\":{\"@id\":\"https:\\\/\\\/www.fundacionsindano.com\\\/en\\\/#website\"},\"datePublished\":\"2017-11-28T11:07:24+00:00\",\"dateModified\":\"2024-06-15T10:10:37+00:00\",\"breadcrumb\":{\"@id\":\"https:\\\/\\\/www.fundacionsindano.com\\\/en\\\/convenios-y-legislacion\\\/#breadcrumb\"},\"inLanguage\":\"en-US\",\"potentialAction\":[{\"@type\":\"ReadAction\",\"target\":[\"https:\\\/\\\/www.fundacionsindano.com\\\/en\\\/convenios-y-legislacion\\\/\"]}]},{\"@type\":\"BreadcrumbList\",\"@id\":\"https:\\\/\\\/www.fundacionsindano.com\\\/en\\\/convenios-y-legislacion\\\/#breadcrumb\",\"itemListElement\":[{\"@type\":\"ListItem\",\"position\":1,\"name\":\"Portada\",\"item\":\"https:\\\/\\\/www.fundacionsindano.com\\\/en\\\/\"},{\"@type\":\"ListItem\",\"position\":2,\"name\":\"Convenios y Legislaci\u00f3n\"}]},{\"@type\":\"WebSite\",\"@id\":\"https:\\\/\\\/www.fundacionsindano.com\\\/en\\\/#website\",\"url\":\"https:\\\/\\\/www.fundacionsindano.com\\\/en\\\/\",\"name\":\"Fundaci\u00f3n Sin Da\u00f1o\",\"description\":\"\",\"publisher\":{\"@id\":\"https:\\\/\\\/www.fundacionsindano.com\\\/en\\\/#organization\"},\"potentialAction\":[{\"@type\":\"SearchAction\",\"target\":{\"@type\":\"EntryPoint\",\"urlTemplate\":\"https:\\\/\\\/www.fundacionsindano.com\\\/en\\\/?s={search_term_string}\"},\"query-input\":{\"@type\":\"PropertyValueSpecification\",\"valueRequired\":true,\"valueName\":\"search_term_string\"}}],\"inLanguage\":\"en-US\"},{\"@type\":\"Organization\",\"@id\":\"https:\\\/\\\/www.fundacionsindano.com\\\/en\\\/#organization\",\"name\":\"Fundaci\u00f3n Sin Da\u00f1o\",\"url\":\"https:\\\/\\\/www.fundacionsindano.com\\\/en\\\/\",\"logo\":{\"@type\":\"ImageObject\",\"inLanguage\":\"en-US\",\"@id\":\"https:\\\/\\\/www.fundacionsindano.com\\\/en\\\/#\\\/schema\\\/logo\\\/image\\\/\",\"url\":\"https:\\\/\\\/www.fundacionsindano.com\\\/wp-content\\\/uploads\\\/2017\\\/10\\\/fundacion_sin_dano_logo_retina.jpg\",\"contentUrl\":\"https:\\\/\\\/www.fundacionsindano.com\\\/wp-content\\\/uploads\\\/2017\\\/10\\\/fundacion_sin_dano_logo_retina.jpg\",\"width\":300,\"height\":300,\"caption\":\"Fundaci\u00f3n Sin Da\u00f1o\"},\"image\":{\"@id\":\"https:\\\/\\\/www.fundacionsindano.com\\\/en\\\/#\\\/schema\\\/logo\\\/image\\\/\"}}]}<\/script>\n<!-- \/ Yoast SEO plugin. -->","yoast_head_json":{"title":"Convenios y Legislaci\u00f3n - Fundaci\u00f3n Sin Da\u00f1o","robots":{"index":"index","follow":"follow","max-snippet":"max-snippet:-1","max-image-preview":"max-image-preview:large","max-video-preview":"max-video-preview:-1"},"canonical":"https:\/\/www.fundacionsindano.com\/en\/convenios-y-legislacion\/","og_locale":"en_US","og_type":"article","og_title":"Convenios y Legislaci\u00f3n - Fundaci\u00f3n Sin Da\u00f1o","og_description":"Convenios y legislaci\u00f3n Convenios Legislaci\u00f3n Convenios Legislaci\u00f3n","og_url":"https:\/\/www.fundacionsindano.com\/en\/convenios-y-legislacion\/","og_site_name":"Fundaci\u00f3n Sin Da\u00f1o","article_modified_time":"2024-06-15T10:10:37+00:00","twitter_card":"summary_large_image","schema":{"@context":"https:\/\/schema.org","@graph":[{"@type":"WebPage","@id":"https:\/\/www.fundacionsindano.com\/en\/convenios-y-legislacion\/","url":"https:\/\/www.fundacionsindano.com\/en\/convenios-y-legislacion\/","name":"Convenios y Legislaci\u00f3n - Fundaci\u00f3n Sin Da\u00f1o","isPartOf":{"@id":"https:\/\/www.fundacionsindano.com\/en\/#website"},"datePublished":"2017-11-28T11:07:24+00:00","dateModified":"2024-06-15T10:10:37+00:00","breadcrumb":{"@id":"https:\/\/www.fundacionsindano.com\/en\/convenios-y-legislacion\/#breadcrumb"},"inLanguage":"en-US","potentialAction":[{"@type":"ReadAction","target":["https:\/\/www.fundacionsindano.com\/en\/convenios-y-legislacion\/"]}]},{"@type":"BreadcrumbList","@id":"https:\/\/www.fundacionsindano.com\/en\/convenios-y-legislacion\/#breadcrumb","itemListElement":[{"@type":"ListItem","position":1,"name":"Portada","item":"https:\/\/www.fundacionsindano.com\/en\/"},{"@type":"ListItem","position":2,"name":"Convenios y Legislaci\u00f3n"}]},{"@type":"WebSite","@id":"https:\/\/www.fundacionsindano.com\/en\/#website","url":"https:\/\/www.fundacionsindano.com\/en\/","name":"Fundaci\u00f3n Sin Da\u00f1o","description":"","publisher":{"@id":"https:\/\/www.fundacionsindano.com\/en\/#organization"},"potentialAction":[{"@type":"SearchAction","target":{"@type":"EntryPoint","urlTemplate":"https:\/\/www.fundacionsindano.com\/en\/?s={search_term_string}"},"query-input":{"@type":"PropertyValueSpecification","valueRequired":true,"valueName":"search_term_string"}}],"inLanguage":"en-US"},{"@type":"Organization","@id":"https:\/\/www.fundacionsindano.com\/en\/#organization","name":"Fundaci\u00f3n Sin Da\u00f1o","url":"https:\/\/www.fundacionsindano.com\/en\/","logo":{"@type":"ImageObject","inLanguage":"en-US","@id":"https:\/\/www.fundacionsindano.com\/en\/#\/schema\/logo\/image\/","url":"https:\/\/www.fundacionsindano.com\/wp-content\/uploads\/2017\/10\/fundacion_sin_dano_logo_retina.jpg","contentUrl":"https:\/\/www.fundacionsindano.com\/wp-content\/uploads\/2017\/10\/fundacion_sin_dano_logo_retina.jpg","width":300,"height":300,"caption":"Fundaci\u00f3n Sin Da\u00f1o"},"image":{"@id":"https:\/\/www.fundacionsindano.com\/en\/#\/schema\/logo\/image\/"}}]}},"campaignId":"","_links":{"self":[{"href":"https:\/\/www.fundacionsindano.com\/en\/wp-json\/wp\/v2\/pages\/1855","targetHints":{"allow":["GET"]}}],"collection":[{"href":"https:\/\/www.fundacionsindano.com\/en\/wp-json\/wp\/v2\/pages"}],"about":[{"href":"https:\/\/www.fundacionsindano.com\/en\/wp-json\/wp\/v2\/types\/page"}],"author":[{"embeddable":true,"href":"https:\/\/www.fundacionsindano.com\/en\/wp-json\/wp\/v2\/users\/1"}],"replies":[{"embeddable":true,"href":"https:\/\/www.fundacionsindano.com\/en\/wp-json\/wp\/v2\/comments?post=1855"}],"version-history":[{"count":4,"href":"https:\/\/www.fundacionsindano.com\/en\/wp-json\/wp\/v2\/pages\/1855\/revisions"}],"predecessor-version":[{"id":4606,"href":"https:\/\/www.fundacionsindano.com\/en\/wp-json\/wp\/v2\/pages\/1855\/revisions\/4606"}],"wp:attachment":[{"href":"https:\/\/www.fundacionsindano.com\/en\/wp-json\/wp\/v2\/media?parent=1855"}],"curies":[{"name":"wp","href":"https:\/\/api.w.org\/{rel}","templated":true}]}}